{"id":946,"date":"2024-05-21T14:28:31","date_gmt":"2024-05-21T14:28:31","guid":{"rendered":"https:\/\/psicologathalitamachado.com.br\/?page_id=946"},"modified":"2024-05-21T14:38:42","modified_gmt":"2024-05-21T14:38:42","slug":"avaliacao-neuropsicologica-adulto","status":"publish","type":"page","link":"https:\/\/psicologathalitamachado.com.br\/index.php\/avaliacao-neuropsicologica-adulto\/","title":{"rendered":"Avalia\u00e7\u00e3o Neuropsicol\u00f3gica Adulto"},"content":{"rendered":"\t\t<div data-elementor-type=\"wp-page\" data-elementor-id=\"946\" class=\"elementor elementor-946\" data-elementor-post-type=\"page\">\n\t\t\t\t\t\t<section class=\"elementor-section elementor-top-section elementor-element elementor-element-d9ac825 elementor-section-boxed elementor-section-height-default elementor-section-height-default\" data-id=\"d9ac825\" data-element_type=\"section\" data-e-type=\"section\" data-settings=\"{&quot;background_background&quot;:&quot;classic&quot;}\">\n\t\t\t\t\t\t<div class=\"elementor-container elementor-column-gap-default\">\n\t\t\t\t\t<div class=\"elementor-column elementor-col-100 elementor-top-column elementor-element elementor-element-3a30763\" data-id=\"3a30763\" data-element_type=\"column\" data-e-type=\"column\" data-settings=\"{&quot;background_background&quot;:&quot;classic&quot;}\">\n\t\t\t<div class=\"elementor-widget-wrap elementor-element-populated\">\n\t\t\t\t\t\t<section class=\"elementor-section elementor-inner-section elementor-element elementor-element-c4a3f24 elementor-section-boxed elementor-section-height-default elementor-section-height-default\" data-id=\"c4a3f24\" data-element_type=\"section\" data-e-type=\"section\">\n\t\t\t\t\t\t<div class=\"elementor-container elementor-column-gap-no\">\n\t\t\t\t\t<div class=\"elementor-column elementor-col-50 elementor-inner-column elementor-element elementor-element-efe706e\" data-id=\"efe706e\" data-element_type=\"column\" data-e-type=\"column\" data-settings=\"{&quot;background_background&quot;:&quot;classic&quot;}\">\n\t\t\t<div class=\"elementor-widget-wrap elementor-element-populated\">\n\t\t\t\t\t\t<div class=\"elementor-element elementor-element-6a978eb elementor-widget__width-initial elementor-widget-mobile__width-initial elementor-widget elementor-widget-image\" data-id=\"6a978eb\" data-element_type=\"widget\" data-e-type=\"widget\" data-widget_type=\"image.default\">\n\t\t\t\t<div class=\"elementor-widget-container\">\n\t\t\t\t\t\t\t\t\t\t\t\t\t\t\t<img fetchpriority=\"high\" decoding=\"async\" width=\"683\" height=\"1024\" src=\"https:\/\/psicologathalitamachado.com.br\/wp-content\/uploads\/2023\/11\/front-view-man-undergoing-therapy-683x1024.jpg\" class=\"attachment-large size-large wp-image-410\" alt=\"\" srcset=\"https:\/\/psicologathalitamachado.com.br\/wp-content\/uploads\/2023\/11\/front-view-man-undergoing-therapy-683x1024.jpg 683w, https:\/\/psicologathalitamachado.com.br\/wp-content\/uploads\/2023\/11\/front-view-man-undergoing-therapy-200x300.jpg 200w, https:\/\/psicologathalitamachado.com.br\/wp-content\/uploads\/2023\/11\/front-view-man-undergoing-therapy-768x1152.jpg 768w, https:\/\/psicologathalitamachado.com.br\/wp-content\/uploads\/2023\/11\/front-view-man-undergoing-therapy-1024x1536.jpg 1024w, https:\/\/psicologathalitamachado.com.br\/wp-content\/uploads\/2023\/11\/front-view-man-undergoing-therapy-1365x2048.jpg 1365w, https:\/\/psicologathalitamachado.com.br\/wp-content\/uploads\/2023\/11\/front-view-man-undergoing-therapy-scaled.jpg 1707w\" sizes=\"(max-width: 683px) 100vw, 683px\" \/>\t\t\t\t\t\t\t\t\t\t\t\t\t\t\t<\/div>\n\t\t\t\t<\/div>\n\t\t\t\t\t<\/div>\n\t\t<\/div>\n\t\t\t\t<div class=\"elementor-column elementor-col-50 elementor-inner-column elementor-element elementor-element-5045995\" data-id=\"5045995\" data-element_type=\"column\" data-e-type=\"column\">\n\t\t\t<div class=\"elementor-widget-wrap elementor-element-populated\">\n\t\t\t\t\t\t<div class=\"elementor-element elementor-element-f9469ad elementor-widget__width-initial elementor-widget elementor-widget-heading\" data-id=\"f9469ad\" data-element_type=\"widget\" data-e-type=\"widget\" data-widget_type=\"heading.default\">\n\t\t\t\t<div class=\"elementor-widget-container\">\n\t\t\t\t\t<h2 class=\"elementor-heading-title elementor-size-default\">O que \u00e9 avalia\u00e7\u00e3o \nneuropsicol\u00f3gica para adultos e como ela \nfunciona?<\/h2>\t\t\t\t<\/div>\n\t\t\t\t<\/div>\n\t\t\t\t\t<\/div>\n\t\t<\/div>\n\t\t\t\t\t<\/div>\n\t\t<\/section>\n\t\t\t\t<div class=\"elementor-element elementor-element-de638ac elementor-widget__width-initial elementor-widget-mobile__width-initial elementor-widget elementor-widget-text-editor\" data-id=\"de638ac\" data-element_type=\"widget\" data-e-type=\"widget\" data-widget_type=\"text-editor.default\">\n\t\t\t\t<div class=\"elementor-widget-container\">\n\t\t\t\t\t\t\t\t\t<p>A avalia\u00e7\u00e3o neuropsicol\u00f3gica para adultos \u00e9 um processo que visa investigar o funcionamento cognitivo, emocional, motor e comportamental de uma pessoa.<\/p><p>\u00c9 um processo minucioso, <em>espec\u00edfico<\/em>, que visa \u00e0s necessidades do paciente, para al\u00e9m do simples diagn\u00f3stico. Nesta avalia\u00e7\u00e3o s\u00e3o utilizados entrevistas e testes neurocognitivos espec\u00edficos \u00e0s demandas do caso, avaliando diferentes aspectos da cogni\u00e7\u00e3o como: mem\u00f3ria, aten\u00e7\u00e3o, linguagem, fun\u00e7\u00f5es executivas, percep\u00e7\u00e3o e habilidades motoras. Al\u00e9m disso, investigam-se aspectos emocionais e comportamentais, como humor, ansiedade, impulsividade e habilidades sociais.<\/p><p>Os resultados da avalia\u00e7\u00e3o neuropsicol\u00f3gica podem ajudar no diagn\u00f3stico de condi\u00e7\u00f5es neurol\u00f3gicas, como les\u00f5es cerebrais, traumatismo cranioencef\u00e1lico, doen\u00e7as neurodegenerativas (como Alzheimer e Parkinson), transtornos do desenvolvimento neurol\u00f3gico (como autismo) e transtornos psiqui\u00e1tricos (como depress\u00e3o e transtorno de ansiedade).<\/p><p>Essa avalia\u00e7\u00e3o tamb\u00e9m pode fornecer informa\u00e7\u00f5es importantes para o planejamento de interven\u00e7\u00f5es e tratamentos personalizados, bem como para orientar decis\u00f5es relacionadas \u00e0 capacidade funcional e ao retorno \u00e0s atividades cotidianas.<\/p><p>Essa avalia\u00e7\u00e3o \u00e9 conduzida por um neuropsic\u00f3logo, que \u00e9 um profissional especializado em entender a rela\u00e7\u00e3o entre o c\u00e9rebro e o comportamento humano.<\/p>\t\t\t\t\t\t\t\t<\/div>\n\t\t\t\t<\/div>\n\t\t\t\t<div class=\"elementor-element elementor-element-47e593d elementor-widget__width-initial elementor-widget-mobile__width-initial elementor-widget elementor-widget-text-editor\" data-id=\"47e593d\" data-element_type=\"widget\" data-e-type=\"widget\" data-widget_type=\"text-editor.default\">\n\t\t\t\t<div class=\"elementor-widget-container\">\n\t\t\t\t\t\t\t\t\t<p>A avalia\u00e7\u00e3o neuropsicol\u00f3gica envolve v\u00e1rias etapas, que podem incluir:<\/p>\t\t\t\t\t\t\t\t<\/div>\n\t\t\t\t<\/div>\n\t\t\t\t\t<\/div>\n\t\t<\/div>\n\t\t\t\t\t<\/div>\n\t\t<\/section>\n\t\t\t\t<section class=\"elementor-section elementor-top-section elementor-element elementor-element-51e751e elementor-section-boxed elementor-section-height-default elementor-section-height-default\" data-id=\"51e751e\" data-element_type=\"section\" data-e-type=\"section\">\n\t\t\t\t\t\t<div class=\"elementor-container elementor-column-gap-no\">\n\t\t\t\t\t<div class=\"elementor-column elementor-col-100 elementor-top-column elementor-element elementor-element-09c3637\" data-id=\"09c3637\" data-element_type=\"column\" data-e-type=\"column\">\n\t\t\t<div class=\"elementor-widget-wrap elementor-element-populated\">\n\t\t\t\t\t\t<section class=\"elementor-section elementor-inner-section elementor-element elementor-element-24d7b00 elementor-section-boxed elementor-section-height-default elementor-section-height-default\" data-id=\"24d7b00\" data-element_type=\"section\" data-e-type=\"section\">\n\t\t\t\t\t\t<div class=\"elementor-container elementor-column-gap-no\">\n\t\t\t\t\t<div class=\"elementor-column elementor-col-100 elementor-inner-column elementor-element elementor-element-1126088\" data-id=\"1126088\" data-element_type=\"column\" data-e-type=\"column\">\n\t\t\t<div class=\"elementor-widget-wrap elementor-element-populated\">\n\t\t\t\t\t\t<div class=\"elementor-element elementor-element-fffe779 elementor-widget elementor-widget-text-editor\" data-id=\"fffe779\" data-element_type=\"widget\" data-e-type=\"widget\" data-widget_type=\"text-editor.default\">\n\t\t\t\t<div class=\"elementor-widget-container\">\n\t\t\t\t\t\t\t\t\t<p><strong>1. Entrevista inicial: <\/strong>Entrevista com o adulto ou respons\u00e1veis, a fim de obter informa\u00e7\u00f5es sobre o hist\u00f3rico de desenvolvimento, sa\u00fade, comportamento e trajet\u00f3ria pessoal de vida.<\/p>\t\t\t\t\t\t\t\t<\/div>\n\t\t\t\t<\/div>\n\t\t\t\t<div class=\"elementor-element elementor-element-0fc53e2 elementor-widget elementor-widget-text-editor\" data-id=\"0fc53e2\" data-element_type=\"widget\" data-e-type=\"widget\" data-widget_type=\"text-editor.default\">\n\t\t\t\t<div class=\"elementor-widget-container\">\n\t\t\t\t\t\t\t\t\t<p><strong>2. Entrevista com fontes diversas: <\/strong>Entrevista com cuidadores, c\u00f4njuge, familiares pr\u00f3ximos, m\u00e9dicos e institui\u00e7\u00f5es de acompanhamento para obter informa\u00e7\u00f5es sobre desenvolvimento,\u00a0 sa\u00fade, comportamento e trajet\u00f3ria pessoal de vida.<\/p>\t\t\t\t\t\t\t\t<\/div>\n\t\t\t\t<\/div>\n\t\t\t\t<div class=\"elementor-element elementor-element-9adba8e elementor-widget elementor-widget-text-editor\" data-id=\"9adba8e\" data-element_type=\"widget\" data-e-type=\"widget\" data-widget_type=\"text-editor.default\">\n\t\t\t\t<div class=\"elementor-widget-container\">\n\t\t\t\t\t\t\t\t\t<p><strong>3. Observa\u00e7\u00e3o direta:<\/strong> Durante avalia\u00e7\u00e3o, observa-se diretamente o adulto em<br \/>diferentes situa\u00e7\u00f5es, como jogos, tarefas cognitivas e intera\u00e7\u00f5es sociais.<\/p>\t\t\t\t\t\t\t\t<\/div>\n\t\t\t\t<\/div>\n\t\t\t\t<div class=\"elementor-element elementor-element-a753df8 elementor-widget elementor-widget-text-editor\" data-id=\"a753df8\" data-element_type=\"widget\" data-e-type=\"widget\" data-widget_type=\"text-editor.default\">\n\t\t\t\t<div class=\"elementor-widget-container\">\n\t\t\t\t\t\t\t\t\t<p><strong>4. Testes padronizados:<\/strong> S\u00e3o aplicados testes neuropsicol\u00f3gicos padronizados e validados, que avaliam habilidades cognitivas espec\u00edficas, como aten\u00e7\u00e3o, mem\u00f3ria, linguagem, fun\u00e7\u00f5es executivas, habilidades visuoconstrutivas, entre outras.<\/p>\t\t\t\t\t\t\t\t<\/div>\n\t\t\t\t<\/div>\n\t\t\t\t<div class=\"elementor-element elementor-element-5383a0d elementor-widget elementor-widget-text-editor\" data-id=\"5383a0d\" data-element_type=\"widget\" data-e-type=\"widget\" data-widget_type=\"text-editor.default\">\n\t\t\t\t<div class=\"elementor-widget-container\">\n\t\t\t\t\t\t\t\t\t<p><strong>5. Avalia\u00e7\u00e3o do desenvolvimento:<\/strong> Avalia\u00e7\u00e3o do desenvolvimento motor, linguagem e socioemocional do adulto, dependendo das preocupa\u00e7\u00f5es espec\u00edficas levantadas durante a avalia\u00e7\u00e3o.<\/p>\t\t\t\t\t\t\t\t<\/div>\n\t\t\t\t<\/div>\n\t\t\t\t<div class=\"elementor-element elementor-element-60f8032 elementor-widget elementor-widget-text-editor\" data-id=\"60f8032\" data-element_type=\"widget\" data-e-type=\"widget\" data-widget_type=\"text-editor.default\">\n\t\t\t\t<div class=\"elementor-widget-container\">\n\t\t\t\t\t\t\t\t\t<p><strong>6. An\u00e1lise e interpreta\u00e7\u00e3o dos resultados:<\/strong>\u00a0Com base nos dados coletados, an\u00e1lise e interpreta\u00e7\u00e3o dos resultados, identificando as for\u00e7as e dificuldades do adulto, determinando poss\u00edveis diagn\u00f3sticos e informa\u00e7\u00f5es para interven\u00e7\u00e3o.<\/p>\t\t\t\t\t\t\t\t<\/div>\n\t\t\t\t<\/div>\n\t\t\t\t<div class=\"elementor-element elementor-element-c24bee5 elementor-widget elementor-widget-text-editor\" data-id=\"c24bee5\" data-element_type=\"widget\" data-e-type=\"widget\" data-widget_type=\"text-editor.default\">\n\t\t\t\t<div class=\"elementor-widget-container\">\n\t\t\t\t\t\t\t\t\t<p><strong>7. Entrega do laudo:<\/strong> Reuni\u00e3o com o adulto e\/ou respons\u00e1veis para entrega do laudo, esclarecimento dos dados, poss\u00edveis encaminhamentos e solicita\u00e7\u00e3o de interven\u00e7\u00e3o.<\/p>\t\t\t\t\t\t\t\t<\/div>\n\t\t\t\t<\/div>\n\t\t\t\t\t<\/div>\n\t\t<\/div>\n\t\t\t\t\t<\/div>\n\t\t<\/section>\n\t\t\t\t\t<\/div>\n\t\t<\/div>\n\t\t\t\t\t<\/div>\n\t\t<\/section>\n\t\t\t\t<section class=\"elementor-section elementor-top-section elementor-element elementor-element-bcc5399 elementor-section-stretched elementor-section-boxed elementor-section-height-default elementor-section-height-default\" data-id=\"bcc5399\" data-element_type=\"section\" data-e-type=\"section\" data-settings=\"{&quot;stretch_section&quot;:&quot;section-stretched&quot;,&quot;background_background&quot;:&quot;classic&quot;}\">\n\t\t\t\t\t\t<div class=\"elementor-container elementor-column-gap-no\">\n\t\t\t\t\t<div class=\"elementor-column elementor-col-100 elementor-top-column elementor-element elementor-element-59e3da2\" data-id=\"59e3da2\" data-element_type=\"column\" data-e-type=\"column\">\n\t\t\t<div class=\"elementor-widget-wrap elementor-element-populated\">\n\t\t\t\t\t\t<section class=\"elementor-section elementor-inner-section elementor-element elementor-element-96f29c4 elementor-section-content-middle elementor-section-boxed elementor-section-height-default elementor-section-height-default\" data-id=\"96f29c4\" data-element_type=\"section\" data-e-type=\"section\">\n\t\t\t\t\t\t<div class=\"elementor-container elementor-column-gap-no\">\n\t\t\t\t\t<div class=\"elementor-column elementor-col-50 elementor-inner-column elementor-element elementor-element-1078484\" data-id=\"1078484\" data-element_type=\"column\" data-e-type=\"column\">\n\t\t\t<div class=\"elementor-widget-wrap elementor-element-populated\">\n\t\t\t\t\t\t<div class=\"elementor-element elementor-element-14fead2 elementor-widget__width-initial elementor-widget elementor-widget-icon-box\" data-id=\"14fead2\" data-element_type=\"widget\" data-e-type=\"widget\" data-widget_type=\"icon-box.default\">\n\t\t\t\t<div class=\"elementor-widget-container\">\n\t\t\t\t\t\t\t<div class=\"elementor-icon-box-wrapper\">\n\n\t\t\t\n\t\t\t\t\t\t<div class=\"elementor-icon-box-content\">\n\n\t\t\t\t\t\t\t\t\t<h3 class=\"elementor-icon-box-title\">\n\t\t\t\t\t\t<span  >\n\t\t\t\t\t\t\tQuanto?\t\t\t\t\t\t<\/span>\n\t\t\t\t\t<\/h3>\n\t\t\t\t\n\t\t\t\t\n\t\t\t<\/div>\n\t\t\t\n\t\t<\/div>\n\t\t\t\t\t\t<\/div>\n\t\t\t\t<\/div>\n\t\t\t\t\t<\/div>\n\t\t<\/div>\n\t\t\t\t<div class=\"elementor-column elementor-col-50 elementor-inner-column elementor-element elementor-element-604cf6c\" data-id=\"604cf6c\" data-element_type=\"column\" data-e-type=\"column\" data-settings=\"{&quot;background_background&quot;:&quot;classic&quot;}\">\n\t\t\t<div class=\"elementor-widget-wrap elementor-element-populated\">\n\t\t\t\t\t\t<div class=\"elementor-element elementor-element-833d7fe elementor-widget__width-initial elementor-widget elementor-widget-text-editor\" data-id=\"833d7fe\" data-element_type=\"widget\" data-e-type=\"widget\" data-widget_type=\"text-editor.default\">\n\t\t\t\t<div class=\"elementor-widget-container\">\n\t\t\t\t\t\t\t\t\tA depender da necessidade, atendo de maneira particular e \nrealizo o or\u00e7amento da avalia\u00e7\u00e3o.\t\t\t\t\t\t\t\t<\/div>\n\t\t\t\t<\/div>\n\t\t\t\t\t<\/div>\n\t\t<\/div>\n\t\t\t\t\t<\/div>\n\t\t<\/section>\n\t\t\t\t<div class=\"elementor-element elementor-element-463ff74 elementor-align-center elementor-widget__width-initial elementor-widget-mobile__width-initial elementor-widget-tablet__width-initial elementor-widget elementor-widget-button\" data-id=\"463ff74\" data-element_type=\"widget\" data-e-type=\"widget\" data-widget_type=\"button.default\">\n\t\t\t\t<div class=\"elementor-widget-container\">\n\t\t\t\t\t\t\t\t\t<div class=\"elementor-button-wrapper\">\n\t\t\t\t\t<a class=\"elementor-button elementor-button-link elementor-size-sm\" href=\"https:\/\/api.whatsapp.com\/send?phone=5541999908899&#038;text=Ol%C3%A1,%20vim%20pelo%20site%20e%20gostaria%20de%20agendar%20uma%20sess%C3%A3o.\">\n\t\t\t\t\t\t<span class=\"elementor-button-content-wrapper\">\n\t\t\t\t\t\t\t\t\t<span class=\"elementor-button-text\">Entre em contato e fa\u00e7a a sua avalia\u00e7\u00e3o neuropsicol\u00f3gica!<\/span>\n\t\t\t\t\t<\/span>\n\t\t\t\t\t<\/a>\n\t\t\t\t<\/div>\n\t\t\t\t\t\t\t\t<\/div>\n\t\t\t\t<\/div>\n\t\t\t\t<div class=\"elementor-element elementor-element-dfbd883 animated-slow elementor-invisible elementor-widget elementor-widget-heading\" data-id=\"dfbd883\" data-element_type=\"widget\" data-e-type=\"widget\" data-settings=\"{&quot;_animation&quot;:&quot;fadeInLeft&quot;}\" data-widget_type=\"heading.default\">\n\t\t\t\t<div class=\"elementor-widget-container\">\n\t\t\t\t\t<h2 class=\"elementor-heading-title elementor-size-default\">Contato<\/h2>\t\t\t\t<\/div>\n\t\t\t\t<\/div>\n\t\t\t\t<div class=\"elementor-element elementor-element-06c1cd3 elementor-widget elementor-widget-text-editor\" data-id=\"06c1cd3\" data-element_type=\"widget\" data-e-type=\"widget\" data-widget_type=\"text-editor.default\">\n\t\t\t\t<div class=\"elementor-widget-container\">\n\t\t\t\t\t\t\t\t\t<p>Psic\u00f3loga Thalita Machado <br \/>CRP 08\\23700 <br \/>(41) 99990-8899 <br \/>Alameda Princesa Izabel, 835 &#8211; Bigorrilho, Curitiba &#8211; PR, 80020-120<\/p>\t\t\t\t\t\t\t\t<\/div>\n\t\t\t\t<\/div>\n\t\t\t\t\t<\/div>\n\t\t<\/div>\n\t\t\t\t\t<\/div>\n\t\t<\/section>\n\t\t\t\t<\/div>\n\t\t","protected":false},"excerpt":{"rendered":"<p>O que \u00e9 avalia\u00e7\u00e3o neuropsicol\u00f3gica para adultos e como ela funciona? A avalia\u00e7\u00e3o neuropsicol\u00f3gica para adultos \u00e9 um processo que visa investigar o funcionamento cognitivo, emocional, motor e comportamental de uma pessoa. \u00c9 um processo minucioso, espec\u00edfico, que visa \u00e0s necessidades do paciente, para al\u00e9m do simples diagn\u00f3stico. Nesta avalia\u00e7\u00e3o s\u00e3o utilizados entrevistas e testes [&hellip;]<\/p>\n","protected":false},"author":2,"featured_media":0,"parent":0,"menu_order":0,"comment_status":"closed","ping_status":"closed","template":"","meta":{"site-sidebar-layout":"no-sidebar","site-content-layout":"page-builder","ast-site-content-layout":"default","site-content-style":"default","site-sidebar-style":"default","ast-global-header-display":"","ast-banner-title-visibility":"","ast-main-header-display":"","ast-hfb-above-header-display":"","ast-hfb-below-header-display":"","ast-hfb-mobile-header-display":"","site-post-title":"disabled","ast-breadcrumbs-content":"","ast-featured-img":"disabled","footer-sml-layout":"","ast-disable-related-posts":"","theme-transparent-header-meta":"","adv-header-id-meta":"","stick-header-meta":"","header-above-stick-meta":"","header-main-stick-meta":"","header-below-stick-meta":"","astra-migrate-meta-layouts":"default","ast-page-background-enabled":"default","ast-page-background-meta":{"desktop":{"background-color":"var(--ast-global-color-4)","background-image":"","background-repeat":"repeat","background-position":"center center","background-size":"auto","background-attachment":"scroll","background-type":"","background-media":"","overlay-type":"","overlay-color":"","overlay-opacity":"","overlay-gradient":""},"tablet":{"background-color":"","background-image":"","background-repeat":"repeat","background-position":"center center","background-size":"auto","background-attachment":"scroll","background-type":"","background-media":"","overlay-type":"","overlay-color":"","overlay-opacity":"","overlay-gradient":""},"mobile":{"background-color":"","background-image":"","background-repeat":"repeat","background-position":"center center","background-size":"auto","background-attachment":"scroll","background-type":"","background-media":"","overlay-type":"","overlay-color":"","overlay-opacity":"","overlay-gradient":""}},"ast-content-background-meta":{"desktop":{"background-color":"var(--ast-global-color-5)","background-image":"","background-repeat":"repeat","background-position":"center center","background-size":"auto","background-attachment":"scroll","background-type":"","background-media":"","overlay-type":"","overlay-color":"","overlay-opacity":"","overlay-gradient":""},"tablet":{"background-color":"var(--ast-global-color-5)","background-image":"","background-repeat":"repeat","background-position":"center center","background-size":"auto","background-attachment":"scroll","background-type":"","background-media":"","overlay-type":"","overlay-color":"","overlay-opacity":"","overlay-gradient":""},"mobile":{"background-color":"var(--ast-global-color-5)","background-image":"","background-repeat":"repeat","background-position":"center center","background-size":"auto","background-attachment":"scroll","background-type":"","background-media":"","overlay-type":"","overlay-color":"","overlay-opacity":"","overlay-gradient":""}},"footnotes":""},"class_list":["post-946","page","type-page","status-publish","hentry"],"_links":{"self":[{"href":"https:\/\/psicologathalitamachado.com.br\/index.php\/wp-json\/wp\/v2\/pages\/946","targetHints":{"allow":["GET"]}}],"collection":[{"href":"https:\/\/psicologathalitamachado.com.br\/index.php\/wp-json\/wp\/v2\/pages"}],"about":[{"href":"https:\/\/psicologathalitamachado.com.br\/index.php\/wp-json\/wp\/v2\/types\/page"}],"author":[{"embeddable":true,"href":"https:\/\/psicologathalitamachado.com.br\/index.php\/wp-json\/wp\/v2\/users\/2"}],"replies":[{"embeddable":true,"href":"https:\/\/psicologathalitamachado.com.br\/index.php\/wp-json\/wp\/v2\/comments?post=946"}],"version-history":[{"count":4,"href":"https:\/\/psicologathalitamachado.com.br\/index.php\/wp-json\/wp\/v2\/pages\/946\/revisions"}],"predecessor-version":[{"id":950,"href":"https:\/\/psicologathalitamachado.com.br\/index.php\/wp-json\/wp\/v2\/pages\/946\/revisions\/950"}],"wp:attachment":[{"href":"https:\/\/psicologathalitamachado.com.br\/index.php\/wp-json\/wp\/v2\/media?parent=946"}],"curies":[{"name":"wp","href":"https:\/\/api.w.org\/{rel}","templated":true}]}}