{"id":455,"date":"2023-11-28T16:30:45","date_gmt":"2023-11-28T16:30:45","guid":{"rendered":"https:\/\/psicologathalitamachado.com.br\/?page_id=455"},"modified":"2023-12-21T20:12:07","modified_gmt":"2023-12-21T20:12:07","slug":"psicoterapia-adulto","status":"publish","type":"page","link":"https:\/\/psicologathalitamachado.com.br\/index.php\/psicoterapia-adulto\/","title":{"rendered":"Atendimento Psicol\u00f3gico &#8211; Psicoterapia Adulto"},"content":{"rendered":"\t\t<div data-elementor-type=\"wp-page\" data-elementor-id=\"455\" class=\"elementor elementor-455\" data-elementor-post-type=\"page\">\n\t\t\t\t\t\t<section class=\"elementor-section elementor-top-section elementor-element elementor-element-62fb797 elementor-section-boxed elementor-section-height-default elementor-section-height-default\" data-id=\"62fb797\" data-element_type=\"section\" data-e-type=\"section\" data-settings=\"{&quot;background_background&quot;:&quot;classic&quot;}\">\n\t\t\t\t\t\t<div class=\"elementor-container elementor-column-gap-default\">\n\t\t\t\t\t<div class=\"elementor-column elementor-col-100 elementor-top-column elementor-element elementor-element-cd786ea\" data-id=\"cd786ea\" data-element_type=\"column\" data-e-type=\"column\" data-settings=\"{&quot;background_background&quot;:&quot;classic&quot;}\">\n\t\t\t<div class=\"elementor-widget-wrap elementor-element-populated\">\n\t\t\t\t\t\t<section class=\"elementor-section elementor-inner-section elementor-element elementor-element-b24c2c7 elementor-section-boxed elementor-section-height-default elementor-section-height-default\" data-id=\"b24c2c7\" data-element_type=\"section\" data-e-type=\"section\">\n\t\t\t\t\t\t<div class=\"elementor-container elementor-column-gap-default\">\n\t\t\t\t\t<div class=\"elementor-column elementor-col-50 elementor-inner-column elementor-element elementor-element-878039a\" data-id=\"878039a\" data-element_type=\"column\" data-e-type=\"column\">\n\t\t\t<div class=\"elementor-widget-wrap elementor-element-populated\">\n\t\t\t\t\t\t<div class=\"elementor-element elementor-element-2f34892 elementor-widget__width-initial elementor-widget elementor-widget-heading\" data-id=\"2f34892\" data-element_type=\"widget\" data-e-type=\"widget\" data-widget_type=\"heading.default\">\n\t\t\t\t<div class=\"elementor-widget-container\">\n\t\t\t\t\t<h2 class=\"elementor-heading-title elementor-size-default\">O que \u00e9 a abordagem \nanal\u00edtica e como ela \nvai lhe ajudar!<\/h2>\t\t\t\t<\/div>\n\t\t\t\t<\/div>\n\t\t\t\t<div class=\"elementor-element elementor-element-f3f8f63 elementor-widget__width-initial elementor-widget elementor-widget-text-editor\" data-id=\"f3f8f63\" data-element_type=\"widget\" data-e-type=\"widget\" data-widget_type=\"text-editor.default\">\n\t\t\t\t<div class=\"elementor-widget-container\">\n\t\t\t\t\t\t\t\t\tA psicoterapia junguiana \u00e9 uma abordagem \npsicol\u00f3gica desenvolvida pelo psiquiatra e \npsic\u00f3logo su\u00ed\u00e7o Carl G. Jung, e visa a \ncompreens\u00e3o e integra\u00e7\u00e3o dos aspectos \nconscientes e inconscientes da psique. \t\t\t\t\t\t\t\t<\/div>\n\t\t\t\t<\/div>\n\t\t\t\t<div class=\"elementor-element elementor-element-2305960 elementor-widget__width-initial elementor-widget elementor-widget-text-editor\" data-id=\"2305960\" data-element_type=\"widget\" data-e-type=\"widget\" data-widget_type=\"text-editor.default\">\n\t\t\t\t<div class=\"elementor-widget-container\">\n\t\t\t\t\t\t\t\t\t<strong>Ela pode lhe ajudar de v\u00e1rias maneiras:<\/strong>\t\t\t\t\t\t\t\t<\/div>\n\t\t\t\t<\/div>\n\t\t\t\t\t<\/div>\n\t\t<\/div>\n\t\t\t\t<div class=\"elementor-column elementor-col-50 elementor-inner-column elementor-element elementor-element-506d401 elementor-invisible\" data-id=\"506d401\" data-element_type=\"column\" data-e-type=\"column\" data-settings=\"{&quot;background_background&quot;:&quot;classic&quot;,&quot;animation&quot;:&quot;fadeInRight&quot;,&quot;animation_mobile&quot;:&quot;fadeInRight&quot;}\">\n\t\t\t<div class=\"elementor-widget-wrap elementor-element-populated\">\n\t\t\t\t\t\t<div class=\"elementor-element elementor-element-8406b1a elementor-widget__width-initial elementor-widget elementor-widget-image\" data-id=\"8406b1a\" data-element_type=\"widget\" data-e-type=\"widget\" data-settings=\"{&quot;_animation&quot;:&quot;none&quot;}\" data-widget_type=\"image.default\">\n\t\t\t\t<div class=\"elementor-widget-container\">\n\t\t\t\t\t\t\t\t\t\t\t\t\t\t\t<img fetchpriority=\"high\" decoding=\"async\" width=\"2560\" height=\"1707\" src=\"https:\/\/psicologathalitamachado.com.br\/wp-content\/uploads\/2023\/12\/eu-sempre-me-sinto-aliviado-depois-de-uma-sessao-com-voce-scaled.jpg\" class=\"attachment-full size-full wp-image-685\" alt=\"\" srcset=\"https:\/\/psicologathalitamachado.com.br\/wp-content\/uploads\/2023\/12\/eu-sempre-me-sinto-aliviado-depois-de-uma-sessao-com-voce-scaled.jpg 2560w, https:\/\/psicologathalitamachado.com.br\/wp-content\/uploads\/2023\/12\/eu-sempre-me-sinto-aliviado-depois-de-uma-sessao-com-voce-300x200.jpg 300w, https:\/\/psicologathalitamachado.com.br\/wp-content\/uploads\/2023\/12\/eu-sempre-me-sinto-aliviado-depois-de-uma-sessao-com-voce-1024x683.jpg 1024w, https:\/\/psicologathalitamachado.com.br\/wp-content\/uploads\/2023\/12\/eu-sempre-me-sinto-aliviado-depois-de-uma-sessao-com-voce-768x512.jpg 768w, https:\/\/psicologathalitamachado.com.br\/wp-content\/uploads\/2023\/12\/eu-sempre-me-sinto-aliviado-depois-de-uma-sessao-com-voce-1536x1024.jpg 1536w, https:\/\/psicologathalitamachado.com.br\/wp-content\/uploads\/2023\/12\/eu-sempre-me-sinto-aliviado-depois-de-uma-sessao-com-voce-2048x1365.jpg 2048w\" sizes=\"(max-width: 2560px) 100vw, 2560px\" \/>\t\t\t\t\t\t\t\t\t\t\t\t\t\t\t<\/div>\n\t\t\t\t<\/div>\n\t\t\t\t\t<\/div>\n\t\t<\/div>\n\t\t\t\t\t<\/div>\n\t\t<\/section>\n\t\t\t\t<section class=\"elementor-section elementor-inner-section elementor-element elementor-element-0c01a64 elementor-section-boxed elementor-section-height-default elementor-section-height-default\" data-id=\"0c01a64\" data-element_type=\"section\" data-e-type=\"section\">\n\t\t\t\t\t\t<div class=\"elementor-container elementor-column-gap-no\">\n\t\t\t\t\t<div class=\"elementor-column elementor-col-100 elementor-inner-column elementor-element elementor-element-0942c00\" data-id=\"0942c00\" data-element_type=\"column\" data-e-type=\"column\">\n\t\t\t<div class=\"elementor-widget-wrap elementor-element-populated\">\n\t\t\t\t\t\t<div class=\"elementor-element elementor-element-c0314c1 elementor-widget elementor-widget-text-editor\" data-id=\"c0314c1\" data-element_type=\"widget\" data-e-type=\"widget\" data-widget_type=\"text-editor.default\">\n\t\t\t\t<div class=\"elementor-widget-container\">\n\t\t\t\t\t\t\t\t\t<strong>1. Autoconhecimento.<\/strong> A terapia junguiana concentra-se no processo de \nindividua\u00e7\u00e3o, que \u00e9 o desenvolvimento e integra\u00e7\u00e3o dos diferentes aspectos da \npersonalidade. Ela ajuda voc\u00ea a se conhecer melhor, explorar padr\u00f5es de \npensamentos, sentimento, comportamentos, bem como descobrir e aceitar \npartes de si mesmo que possam estar ocultas e reprimidas.\t\t\t\t\t\t\t\t<\/div>\n\t\t\t\t<\/div>\n\t\t\t\t<div class=\"elementor-element elementor-element-bf130f8 elementor-widget elementor-widget-text-editor\" data-id=\"bf130f8\" data-element_type=\"widget\" data-e-type=\"widget\" data-widget_type=\"text-editor.default\">\n\t\t\t\t<div class=\"elementor-widget-container\">\n\t\t\t\t\t\t\t\t\t<strong>2. Explora\u00e7\u00e3o do inconsciente:<\/strong> Jung acreditava que o inconsciente continha\nconte\u00fados importantes e simb\u00f3licos que influenciam nossas vidas. A\npsicoterapia junguiana utiliza t\u00e9cnicas, como interpreta\u00e7\u00e3o de sonhos, an\u00e1lise\nde imagens simb\u00f3licas e t\u00e9cnica de imagina\u00e7\u00e3o ativa, para explorar o\ninconsciente e trazer \u00e0 consci\u00eancia quest\u00f5es e conflitos internos que podem\nestar afetando seu bem estar.\t\t\t\t\t\t\t\t<\/div>\n\t\t\t\t<\/div>\n\t\t\t\t<div class=\"elementor-element elementor-element-bda5227 elementor-widget elementor-widget-text-editor\" data-id=\"bda5227\" data-element_type=\"widget\" data-e-type=\"widget\" data-widget_type=\"text-editor.default\">\n\t\t\t\t<div class=\"elementor-widget-container\">\n\t\t\t\t\t\t\t\t\t<strong>3. Integra\u00e7\u00e3o de opostos:<\/strong> Reconhecer e integrar os opostos dentro de n\u00f3s,\ncomo masculino e feminino, racional e emocional, consciente e inconsciente, o\nbom e o mal. A psicoterapia junguiana busca ajud\u00e1-lo a encontrar o equil\u00edbrio\nentre esses aspectos, promovendo crescimento pessoal e a autorrealiza\u00e7\u00e3o.\t\t\t\t\t\t\t\t<\/div>\n\t\t\t\t<\/div>\n\t\t\t\t<div class=\"elementor-element elementor-element-80d6016 elementor-widget elementor-widget-text-editor\" data-id=\"80d6016\" data-element_type=\"widget\" data-e-type=\"widget\" data-widget_type=\"text-editor.default\">\n\t\t\t\t<div class=\"elementor-widget-container\">\n\t\t\t\t\t\t\t\t\t<p><strong>4. Desenvolvimento:<\/strong>\u00a0Parte essencial da vida humana. A psicoterapia junguiana pode ajud\u00e1-lo explorar quest\u00f5es relacionadas \u00e0 busca por significado, prop\u00f3sito e conex\u00e3o. Ela pode envolver discuss\u00f5es sobre mitos, s\u00edmbolos religiosos, e o reconhecimento do contato com o numinoso.<\/p>\t\t\t\t\t\t\t\t<\/div>\n\t\t\t\t<\/div>\n\t\t\t\t<div class=\"elementor-element elementor-element-e720d8f elementor-widget elementor-widget-text-editor\" data-id=\"e720d8f\" data-element_type=\"widget\" data-e-type=\"widget\" data-widget_type=\"text-editor.default\">\n\t\t\t\t<div class=\"elementor-widget-container\">\n\t\t\t\t\t\t\t\t\t<p><strong>5. Resolu\u00e7\u00e3o de traumas e complexos:<\/strong>&nbsp;A psicoterapia junguiana pode ser eficaz na identifica\u00e7\u00e3o e resolu\u00e7\u00e3o de traumas passados, complexos psicol\u00f3gicos &#8211; padr\u00f5es organizados de pensamentos, emo\u00e7\u00f5es e mem\u00f3rias que se formam em torno de um tema central -, quest\u00f5es emocionais profundas, al\u00e9m do autoconhecimento cont\u00ednuo e crescente. Ao trazer \u00e0 consci\u00eancia aspectos&nbsp; inconscientes e trabalhar com eles de maneira terap\u00eautica, \u00e9 poss\u00edvel que voc\u00ea encontre o caminho para o restabelecimento do bem estar e o crescimento pessoal.<\/p>\t\t\t\t\t\t\t\t<\/div>\n\t\t\t\t<\/div>\n\t\t\t\t\t<\/div>\n\t\t<\/div>\n\t\t\t\t\t<\/div>\n\t\t<\/section>\n\t\t\t\t\t<\/div>\n\t\t<\/div>\n\t\t\t\t\t<\/div>\n\t\t<\/section>\n\t\t\t\t<section class=\"elementor-section elementor-top-section elementor-element elementor-element-1cb55fc elementor-section-boxed elementor-section-height-default elementor-section-height-default\" data-id=\"1cb55fc\" data-element_type=\"section\" data-e-type=\"section\">\n\t\t\t\t\t\t<div class=\"elementor-container elementor-column-gap-no\">\n\t\t\t\t\t<div class=\"elementor-column elementor-col-100 elementor-top-column elementor-element elementor-element-db67663\" data-id=\"db67663\" data-element_type=\"column\" data-e-type=\"column\">\n\t\t\t<div class=\"elementor-widget-wrap elementor-element-populated\">\n\t\t\t\t\t\t<section class=\"elementor-section elementor-inner-section elementor-element elementor-element-077873a elementor-section-boxed elementor-section-height-default elementor-section-height-default\" data-id=\"077873a\" data-element_type=\"section\" data-e-type=\"section\">\n\t\t\t\t\t\t<div class=\"elementor-container elementor-column-gap-no\">\n\t\t\t\t\t<div class=\"elementor-column elementor-col-50 elementor-inner-column elementor-element elementor-element-9e8f559\" data-id=\"9e8f559\" data-element_type=\"column\" data-e-type=\"column\" data-settings=\"{&quot;background_background&quot;:&quot;classic&quot;}\">\n\t\t\t<div class=\"elementor-widget-wrap elementor-element-populated\">\n\t\t\t\t\t\t<div class=\"elementor-element elementor-element-8c606cc elementor-widget__width-initial elementor-widget elementor-widget-image\" data-id=\"8c606cc\" data-element_type=\"widget\" data-e-type=\"widget\" data-widget_type=\"image.default\">\n\t\t\t\t<div class=\"elementor-widget-container\">\n\t\t\t\t\t\t\t\t\t\t\t\t\t\t\t<img decoding=\"async\" width=\"1024\" height=\"683\" src=\"https:\/\/psicologathalitamachado.com.br\/wp-content\/uploads\/2023\/11\/H2A2832-1024x683.png\" class=\"attachment-large size-large wp-image-576\" alt=\"\" srcset=\"https:\/\/psicologathalitamachado.com.br\/wp-content\/uploads\/2023\/11\/H2A2832-1024x683.png 1024w, https:\/\/psicologathalitamachado.com.br\/wp-content\/uploads\/2023\/11\/H2A2832-300x200.png 300w, https:\/\/psicologathalitamachado.com.br\/wp-content\/uploads\/2023\/11\/H2A2832-768x512.png 768w, https:\/\/psicologathalitamachado.com.br\/wp-content\/uploads\/2023\/11\/H2A2832-1536x1024.png 1536w, https:\/\/psicologathalitamachado.com.br\/wp-content\/uploads\/2023\/11\/H2A2832-2048x1365.png 2048w\" sizes=\"(max-width: 1024px) 100vw, 1024px\" \/>\t\t\t\t\t\t\t\t\t\t\t\t\t\t\t<\/div>\n\t\t\t\t<\/div>\n\t\t\t\t\t<\/div>\n\t\t<\/div>\n\t\t\t\t<div class=\"elementor-column elementor-col-50 elementor-inner-column elementor-element elementor-element-3898154\" data-id=\"3898154\" data-element_type=\"column\" data-e-type=\"column\">\n\t\t\t<div class=\"elementor-widget-wrap elementor-element-populated\">\n\t\t\t\t\t\t<div class=\"elementor-element elementor-element-223ea19 elementor-widget__width-initial elementor-widget elementor-widget-text-editor\" data-id=\"223ea19\" data-element_type=\"widget\" data-e-type=\"widget\" data-widget_type=\"text-editor.default\">\n\t\t\t\t<div class=\"elementor-widget-container\">\n\t\t\t\t\t\t\t\t\t<p>Ofere\u00e7o atendimentos individuais a adultos em duas modalidades: <strong>presencial, na cidade de Curitiba-PR, e online, por meio de videochamadas.<\/strong> As sess\u00f5es s\u00e3o realizadas, normalmente, uma vez por semana e t\u00eam dura\u00e7\u00e3o de 50 minutos cada.<\/p>\t\t\t\t\t\t\t\t<\/div>\n\t\t\t\t<\/div>\n\t\t\t\t<div class=\"elementor-element elementor-element-86340bd elementor-widget__width-initial elementor-widget elementor-widget-text-editor\" data-id=\"86340bd\" data-element_type=\"widget\" data-e-type=\"widget\" data-widget_type=\"text-editor.default\">\n\t\t\t\t<div class=\"elementor-widget-container\">\n\t\t\t\t\t\t\t\t\tNa primeira sess\u00e3o, coloco-me \u00e0 disposi\u00e7\u00e3o para avaliar a demanda de atendimento, explicar o funcionamento do meu trabalho e \nesclarecer eventuais d\u00favidas. Esse \u00e9 o momento de nos conhecermos e estabelecermos juntos os rumos do processo \nterap\u00eautico.\t\t\t\t\t\t\t\t<\/div>\n\t\t\t\t<\/div>\n\t\t\t\t\t<\/div>\n\t\t<\/div>\n\t\t\t\t\t<\/div>\n\t\t<\/section>\n\t\t\t\t<div class=\"elementor-element elementor-element-5cb1570 elementor-widget__width-initial elementor-widget elementor-widget-text-editor\" data-id=\"5cb1570\" data-element_type=\"widget\" data-e-type=\"widget\" data-widget_type=\"text-editor.default\">\n\t\t\t\t<div class=\"elementor-widget-container\">\n\t\t\t\t\t\t\t\t\tQuanto \u00e0 dura\u00e7\u00e3o total da psicoterapia, uma vez que o processo \u00e9 \u00fanico e depende das necessidades e objetivos de cada paciente, ela n\u00e3o \u00e9 fixa ou pr\u00e9-determinada, podendo variar de pessoa para pessoa.\t\t\t\t\t\t\t\t<\/div>\n\t\t\t\t<\/div>\n\t\t\t\t<section class=\"elementor-section elementor-inner-section elementor-element elementor-element-7401733 elementor-section-content-middle elementor-section-boxed elementor-section-height-default elementor-section-height-default\" data-id=\"7401733\" data-element_type=\"section\" data-e-type=\"section\">\n\t\t\t\t\t\t<div class=\"elementor-container elementor-column-gap-no\">\n\t\t\t\t\t<div class=\"elementor-column elementor-col-50 elementor-inner-column elementor-element elementor-element-85bc6b8\" data-id=\"85bc6b8\" data-element_type=\"column\" data-e-type=\"column\">\n\t\t\t<div class=\"elementor-widget-wrap elementor-element-populated\">\n\t\t\t\t\t\t<div class=\"elementor-element elementor-element-67574b2 elementor-widget__width-initial elementor-widget elementor-widget-icon-box\" data-id=\"67574b2\" data-element_type=\"widget\" data-e-type=\"widget\" data-widget_type=\"icon-box.default\">\n\t\t\t\t<div class=\"elementor-widget-container\">\n\t\t\t\t\t\t\t<div class=\"elementor-icon-box-wrapper\">\n\n\t\t\t\n\t\t\t\t\t\t<div class=\"elementor-icon-box-content\">\n\n\t\t\t\t\t\t\t\t\t<h3 class=\"elementor-icon-box-title\">\n\t\t\t\t\t\t<span  >\n\t\t\t\t\t\t\tPara quem?\t\t\t\t\t\t<\/span>\n\t\t\t\t\t<\/h3>\n\t\t\t\t\n\t\t\t\t\n\t\t\t<\/div>\n\t\t\t\n\t\t<\/div>\n\t\t\t\t\t\t<\/div>\n\t\t\t\t<\/div>\n\t\t\t\t\t<\/div>\n\t\t<\/div>\n\t\t\t\t<div class=\"elementor-column elementor-col-50 elementor-inner-column elementor-element elementor-element-21062f8\" data-id=\"21062f8\" data-element_type=\"column\" data-e-type=\"column\" data-settings=\"{&quot;background_background&quot;:&quot;classic&quot;}\">\n\t\t\t<div class=\"elementor-widget-wrap elementor-element-populated\">\n\t\t\t\t\t\t<div class=\"elementor-element elementor-element-b3fbf5e elementor-widget__width-initial elementor-widget elementor-widget-text-editor\" data-id=\"b3fbf5e\" data-element_type=\"widget\" data-e-type=\"widget\" data-widget_type=\"text-editor.default\">\n\t\t\t\t<div class=\"elementor-widget-container\">\n\t\t\t\t\t\t\t\t\t<p>Pessoas que desejam se conhecer melhor, superar traumas, melhorar relacionamentos, regular emo\u00e7\u00f5es, lidar com v\u00edcios e compuls\u00f5es, determinar objetivos de vida de maneira mais clara, ter entendimento sobre a sua pr\u00f3pria maneira de ser ou de agir.<\/p>\t\t\t\t\t\t\t\t<\/div>\n\t\t\t\t<\/div>\n\t\t\t\t\t<\/div>\n\t\t<\/div>\n\t\t\t\t\t<\/div>\n\t\t<\/section>\n\t\t\t\t<section class=\"elementor-section elementor-inner-section elementor-element elementor-element-b317cc3 elementor-section-content-middle elementor-section-boxed elementor-section-height-default elementor-section-height-default\" data-id=\"b317cc3\" data-element_type=\"section\" data-e-type=\"section\">\n\t\t\t\t\t\t<div class=\"elementor-container elementor-column-gap-no\">\n\t\t\t\t\t<div class=\"elementor-column elementor-col-50 elementor-inner-column elementor-element elementor-element-455bda8\" data-id=\"455bda8\" data-element_type=\"column\" data-e-type=\"column\">\n\t\t\t<div class=\"elementor-widget-wrap elementor-element-populated\">\n\t\t\t\t\t\t<div class=\"elementor-element elementor-element-ec44ec3 elementor-widget__width-initial elementor-widget elementor-widget-icon-box\" data-id=\"ec44ec3\" data-element_type=\"widget\" data-e-type=\"widget\" data-widget_type=\"icon-box.default\">\n\t\t\t\t<div class=\"elementor-widget-container\">\n\t\t\t\t\t\t\t<div class=\"elementor-icon-box-wrapper\">\n\n\t\t\t\n\t\t\t\t\t\t<div class=\"elementor-icon-box-content\">\n\n\t\t\t\t\t\t\t\t\t<h3 class=\"elementor-icon-box-title\">\n\t\t\t\t\t\t<span  >\n\t\t\t\t\t\t\tComo?\t\t\t\t\t\t<\/span>\n\t\t\t\t\t<\/h3>\n\t\t\t\t\n\t\t\t\t\n\t\t\t<\/div>\n\t\t\t\n\t\t<\/div>\n\t\t\t\t\t\t<\/div>\n\t\t\t\t<\/div>\n\t\t\t\t\t<\/div>\n\t\t<\/div>\n\t\t\t\t<div class=\"elementor-column elementor-col-50 elementor-inner-column elementor-element elementor-element-22c8571\" data-id=\"22c8571\" data-element_type=\"column\" data-e-type=\"column\" data-settings=\"{&quot;background_background&quot;:&quot;classic&quot;}\">\n\t\t\t<div class=\"elementor-widget-wrap elementor-element-populated\">\n\t\t\t\t\t\t<div class=\"elementor-element elementor-element-7074f97 elementor-widget__width-initial elementor-widget elementor-widget-text-editor\" data-id=\"7074f97\" data-element_type=\"widget\" data-e-type=\"widget\" data-widget_type=\"text-editor.default\">\n\t\t\t\t<div class=\"elementor-widget-container\">\n\t\t\t\t\t\t\t\t\tUtilizo abordagens junguiana e conhecimentos da\nneuropsicologia, e junto com o paciente, compreendo as\nmelhores ferramentas para a busca dos resultados. S\u00e3o\noferecidas t\u00e9cnicas e ferramentas variadas para que o paciente\npossa melhorar a regula\u00e7\u00e3o de suas emo\u00e7\u00f5es e potencializar o\nseu conv\u00edvio social.\t\t\t\t\t\t\t\t<\/div>\n\t\t\t\t<\/div>\n\t\t\t\t\t<\/div>\n\t\t<\/div>\n\t\t\t\t\t<\/div>\n\t\t<\/section>\n\t\t\t\t\t<\/div>\n\t\t<\/div>\n\t\t\t\t\t<\/div>\n\t\t<\/section>\n\t\t\t\t<section class=\"elementor-section elementor-top-section elementor-element elementor-element-05e25c4 elementor-section-stretched elementor-section-boxed elementor-section-height-default elementor-section-height-default\" data-id=\"05e25c4\" data-element_type=\"section\" data-e-type=\"section\" data-settings=\"{&quot;stretch_section&quot;:&quot;section-stretched&quot;,&quot;background_background&quot;:&quot;classic&quot;}\">\n\t\t\t\t\t\t<div class=\"elementor-container elementor-column-gap-no\">\n\t\t\t\t\t<div class=\"elementor-column elementor-col-100 elementor-top-column elementor-element elementor-element-2855c77\" data-id=\"2855c77\" data-element_type=\"column\" data-e-type=\"column\">\n\t\t\t<div class=\"elementor-widget-wrap elementor-element-populated\">\n\t\t\t\t\t\t<div class=\"elementor-element elementor-element-490fa5c elementor-align-center elementor-widget__width-initial elementor-widget-mobile__width-initial elementor-widget elementor-widget-button\" data-id=\"490fa5c\" data-element_type=\"widget\" data-e-type=\"widget\" data-widget_type=\"button.default\">\n\t\t\t\t<div class=\"elementor-widget-container\">\n\t\t\t\t\t\t\t\t\t<div class=\"elementor-button-wrapper\">\n\t\t\t\t\t<a class=\"elementor-button elementor-button-link elementor-size-sm elementor-animation-grow\" href=\"https:\/\/api.whatsapp.com\/send?phone=5541999908899&#038;text=Ol%C3%A1,%20vim%20pelo%20site%20e%20gostaria%20de%20agendar%20uma%20sess%C3%A3o.\">\n\t\t\t\t\t\t<span class=\"elementor-button-content-wrapper\">\n\t\t\t\t\t\t\t\t\t<span class=\"elementor-button-text\">Entre em contato agora mesmo e agende sua sess\u00e3o de psicoterapia!<\/span>\n\t\t\t\t\t<\/span>\n\t\t\t\t\t<\/a>\n\t\t\t\t<\/div>\n\t\t\t\t\t\t\t\t<\/div>\n\t\t\t\t<\/div>\n\t\t\t\t<div class=\"elementor-element elementor-element-a1fa651 animated-slow elementor-invisible elementor-widget elementor-widget-heading\" data-id=\"a1fa651\" data-element_type=\"widget\" data-e-type=\"widget\" data-settings=\"{&quot;_animation&quot;:&quot;fadeInLeft&quot;}\" data-widget_type=\"heading.default\">\n\t\t\t\t<div class=\"elementor-widget-container\">\n\t\t\t\t\t<h2 class=\"elementor-heading-title elementor-size-default\">Contato<\/h2>\t\t\t\t<\/div>\n\t\t\t\t<\/div>\n\t\t\t\t<div class=\"elementor-element elementor-element-874eda1 elementor-widget elementor-widget-text-editor\" data-id=\"874eda1\" data-element_type=\"widget\" data-e-type=\"widget\" data-widget_type=\"text-editor.default\">\n\t\t\t\t<div class=\"elementor-widget-container\">\n\t\t\t\t\t\t\t\t\tPsic\u00f3loga Thalita Machado <\/br> \nCRP 08\\23700 <\/br> \n(41) 99990-8899 <\/br> \nAlameda Princesa Izabel, 835 &#8211; S\u00e3o Francisco, Curitiba &#8211; PR, 80020-120\t\t\t\t\t\t\t\t<\/div>\n\t\t\t\t<\/div>\n\t\t\t\t\t<\/div>\n\t\t<\/div>\n\t\t\t\t\t<\/div>\n\t\t<\/section>\n\t\t\t\t<\/div>\n\t\t","protected":false},"excerpt":{"rendered":"<p>O que \u00e9 a abordagem anal\u00edtica e como ela vai lhe ajudar! A psicoterapia junguiana \u00e9 uma abordagem psicol\u00f3gica desenvolvida pelo psiquiatra e psic\u00f3logo su\u00ed\u00e7o Carl G. Jung, e visa a compreens\u00e3o e integra\u00e7\u00e3o dos aspectos conscientes e inconscientes da psique. Ela pode lhe ajudar de v\u00e1rias maneiras: 1. Autoconhecimento. A terapia junguiana concentra-se no [&hellip;]<\/p>\n","protected":false},"author":2,"featured_media":0,"parent":0,"menu_order":0,"comment_status":"closed","ping_status":"closed","template":"","meta":{"site-sidebar-layout":"no-sidebar","site-content-layout":"page-builder","ast-site-content-layout":"default","site-content-style":"default","site-sidebar-style":"default","ast-global-header-display":"","ast-banner-title-visibility":"","ast-main-header-display":"","ast-hfb-above-header-display":"","ast-hfb-below-header-display":"","ast-hfb-mobile-header-display":"","site-post-title":"disabled","ast-breadcrumbs-content":"","ast-featured-img":"disabled","footer-sml-layout":"","ast-disable-related-posts":"","theme-transparent-header-meta":"","adv-header-id-meta":"","stick-header-meta":"","header-above-stick-meta":"","header-main-stick-meta":"","header-below-stick-meta":"","astra-migrate-meta-layouts":"default","ast-page-background-enabled":"default","ast-page-background-meta":{"desktop":{"background-color":"var(--ast-global-color-4)","background-image":"","background-repeat":"repeat","background-position":"center center","background-size":"auto","background-attachment":"scroll","background-type":"","background-media":"","overlay-type":"","overlay-color":"","overlay-opacity":"","overlay-gradient":""},"tablet":{"background-color":"","background-image":"","background-repeat":"repeat","background-position":"center center","background-size":"auto","background-attachment":"scroll","background-type":"","background-media":"","overlay-type":"","overlay-color":"","overlay-opacity":"","overlay-gradient":""},"mobile":{"background-color":"","background-image":"","background-repeat":"repeat","background-position":"center center","background-size":"auto","background-attachment":"scroll","background-type":"","background-media":"","overlay-type":"","overlay-color":"","overlay-opacity":"","overlay-gradient":""}},"ast-content-background-meta":{"desktop":{"background-color":"var(--ast-global-color-5)","background-image":"","background-repeat":"repeat","background-position":"center center","background-size":"auto","background-attachment":"scroll","background-type":"","background-media":"","overlay-type":"","overlay-color":"","overlay-opacity":"","overlay-gradient":""},"tablet":{"background-color":"var(--ast-global-color-5)","background-image":"","background-repeat":"repeat","background-position":"center center","background-size":"auto","background-attachment":"scroll","background-type":"","background-media":"","overlay-type":"","overlay-color":"","overlay-opacity":"","overlay-gradient":""},"mobile":{"background-color":"var(--ast-global-color-5)","background-image":"","background-repeat":"repeat","background-position":"center center","background-size":"auto","background-attachment":"scroll","background-type":"","background-media":"","overlay-type":"","overlay-color":"","overlay-opacity":"","overlay-gradient":""}},"footnotes":""},"class_list":["post-455","page","type-page","status-publish","hentry"],"_links":{"self":[{"href":"https:\/\/psicologathalitamachado.com.br\/index.php\/wp-json\/wp\/v2\/pages\/455","targetHints":{"allow":["GET"]}}],"collection":[{"href":"https:\/\/psicologathalitamachado.com.br\/index.php\/wp-json\/wp\/v2\/pages"}],"about":[{"href":"https:\/\/psicologathalitamachado.com.br\/index.php\/wp-json\/wp\/v2\/types\/page"}],"author":[{"embeddable":true,"href":"https:\/\/psicologathalitamachado.com.br\/index.php\/wp-json\/wp\/v2\/users\/2"}],"replies":[{"embeddable":true,"href":"https:\/\/psicologathalitamachado.com.br\/index.php\/wp-json\/wp\/v2\/comments?post=455"}],"version-history":[{"count":47,"href":"https:\/\/psicologathalitamachado.com.br\/index.php\/wp-json\/wp\/v2\/pages\/455\/revisions"}],"predecessor-version":[{"id":692,"href":"https:\/\/psicologathalitamachado.com.br\/index.php\/wp-json\/wp\/v2\/pages\/455\/revisions\/692"}],"wp:attachment":[{"href":"https:\/\/psicologathalitamachado.com.br\/index.php\/wp-json\/wp\/v2\/media?parent=455"}],"curies":[{"name":"wp","href":"https:\/\/api.w.org\/{rel}","templated":true}]}}